{"id":7248,"date":"2022-04-26T18:28:19","date_gmt":"2022-04-26T16:28:19","guid":{"rendered":"https:\/\/restaurant-lafontana.ch\/?page_id=7248"},"modified":"2024-02-15T08:47:04","modified_gmt":"2024-02-15T07:47:04","slug":"viandes-et-poissons-peches","status":"publish","type":"page","link":"https:\/\/restaurant-lafontana.ch\/fr\/fleisch-und-fisch-gerischte\/","title":{"rendered":"Plats de viande et de poisson"},"content":{"rendered":"<div data-elementor-type=\"wp-page\" data-elementor-id=\"7248\" class=\"elementor elementor-7248\" data-elementor-post-type=\"page\">\n\t\t\t\t\t\t<section class=\"elementor-section elementor-top-section elementor-element elementor-element-3af62068 pt-section-content-fullwidth pt_scroll_y_120 pt-parallax-on-scroll elementor-section-boxed elementor-section-height-default elementor-section-height-default\" data-id=\"3af62068\" data-element_type=\"section\" data-e-type=\"section\" data-settings=\"{&quot;background_background&quot;:&quot;classic&quot;}\" data-pt-parallax-y=\"120\" style=\"background-image: none;\" data-pt-background-image=\"https:\/\/restaurant-lafontana.ch\/wp-content\/uploads\/2022\/04\/DSC09119.jpg\">\n\t\t\t\t\t\t\t<div class=\"elementor-background-overlay\"><\/div>\n\t\t\t\t\t\t\t<div class=\"elementor-container elementor-column-gap-no\">\n\t\t\t\t\t<div class=\"elementor-column elementor-col-100 elementor-top-column elementor-element elementor-element-52c41b2c dark-color\" data-id=\"52c41b2c\" data-element_type=\"column\" data-e-type=\"column\">\n\t\t\t<div class=\"elementor-widget-wrap elementor-element-populated\">\n\t\t\t\t\t\t<div class=\"elementor-element elementor-element-14e60969 elementor-widget elementor-widget-pt_title\" data-id=\"14e60969\" data-element_type=\"widget\" data-e-type=\"widget\" data-widget_type=\"pt_title.default\">\n\t\t\t\t<div class=\"elementor-widget-container\">\n\t\t\t\t\t\n        <div class=\"pt-title-wrap text-center\">\t            <div class=\"pt-subtitle-wrap\"><span class=\"pt-subtitle color-white style-bordered\">Menus<\/span><\/div>\t            <h1 class=\"pt-title\">\n\t                Plats de viande et de poisson\t            <\/h1>        <\/div>\t\t\t\t<\/div>\n\t\t\t\t<\/div>\n\t\t\t\t\t<\/div>\n\t\t<\/div>\n\t\t\t\t\t<\/div>\n\t\t<\/section>\n\t\t\t\t<section class=\"elementor-section elementor-top-section elementor-element elementor-element-5b475f2 elementor-section-boxed elementor-section-height-default elementor-section-height-default\" data-id=\"5b475f2\" data-element_type=\"section\" data-e-type=\"section\">\n\t\t\t\t\t\t<div class=\"elementor-container elementor-column-gap-no\">\n\t\t\t\t\t<div class=\"elementor-column elementor-col-100 elementor-top-column elementor-element elementor-element-8744890\" data-id=\"8744890\" data-element_type=\"column\" data-e-type=\"column\">\n\t\t\t<div class=\"elementor-widget-wrap elementor-element-populated\">\n\t\t\t\t\t\t<div class=\"elementor-element elementor-element-5478b11 elementor-widget elementor-widget-pt_title\" data-id=\"5478b11\" data-element_type=\"widget\" data-e-type=\"widget\" data-widget_type=\"pt_title.default\">\n\t\t\t\t<div class=\"elementor-widget-container\">\n\t\t\t\t\t\n        <div class=\"pt-title-wrap text-center\">\t            <h6 class=\"pt-title\">\n\t                la viande \/ Viande\t            <\/h6>\t            <div class=\"pt-title-text\">\n\t                Toutes les viandes sont accompagn\u00e9es d'une des garnitures suivantes au choix<br>\nPour Toutes Les Viandes L'un De Plats D'accompagnement Suvants Est Inclus<br>\n\nFrites, Risotto, P\u00e2tes\t            <\/div>        <\/div>\t\t\t\t<\/div>\n\t\t\t\t<\/div>\n\t\t\t\t<div class=\"elementor-element elementor-element-88129aa elementor-widget elementor-widget-pt_food_menu\" data-id=\"88129aa\" data-element_type=\"widget\" data-e-type=\"widget\" data-widget_type=\"pt_food_menu.default\">\n\t\t\t\t<div class=\"elementor-widget-container\">\n\t\t\t\t\t            <div class=\"pt-food-menu food-menu-style-4\">                <div class=\"pt-food-menu-item\">                    <div class=\"pt-food-menu-main\">\n                        <div class=\"pt-food-menu-header\">                            <h6 class=\"pt-food-menu-title\">                                <span class=\"title-wrap\">Entrec\u00f4te Nature<\/span>                            <\/h6>\n                            <div class=\"pt-food-menu-lines\"><\/div><span class=\"pt-food-menu-price\">CHF 38.80<\/span>                        <\/div>                    <\/div>\n                <\/div>                <div class=\"pt-food-menu-item\">                    <div class=\"pt-food-menu-main\">\n                        <div class=\"pt-food-menu-header\">                            <h6 class=\"pt-food-menu-title\">                                <span class=\"title-wrap\">Entrec\u00f4te Cafe De Paris<\/span>                            <\/h6>\n                            <div class=\"pt-food-menu-lines\"><\/div><span class=\"pt-food-menu-price\">CHF 39.80<\/span>                        <\/div>                    <\/div>\n                <\/div>                <div class=\"pt-food-menu-item\">                    <div class=\"pt-food-menu-main\">\n                        <div class=\"pt-food-menu-header\">                            <h6 class=\"pt-food-menu-title\">                                <span class=\"title-wrap\">Filet De Boeuf Nature<\/span>                            <\/h6>\n                            <div class=\"pt-food-menu-lines\"><\/div><span class=\"pt-food-menu-price\">CHF 44.80<\/span>                        <\/div>                    <\/div>\n                <\/div>                <div class=\"pt-food-menu-item\">                    <div class=\"pt-food-menu-main\">\n                        <div class=\"pt-food-menu-header\">                            <h6 class=\"pt-food-menu-title\">                                <span class=\"title-wrap\">Filet De Boeuf Morilles<\/span>                            <\/h6>\n                            <div class=\"pt-food-menu-lines\"><\/div><span class=\"pt-food-menu-price\">CHF 46.80<\/span>                        <\/div>                    <\/div>\n                <\/div>                <div class=\"pt-food-menu-item\">                    <div class=\"pt-food-menu-main\">\n                        <div class=\"pt-food-menu-header\">                            <h6 class=\"pt-food-menu-title\">                                <span class=\"title-wrap\">Saltimbocca \u00e0 la romaine<\/span>                            <\/h6>\n                            <div class=\"pt-food-menu-lines\"><\/div><span class=\"pt-food-menu-price\">CHF 42.80<\/span>                        <\/div>                    <\/div>\n                <\/div>            <\/div>\t\t\t\t<\/div>\n\t\t\t\t<\/div>\n\t\t\t\t\t<\/div>\n\t\t<\/div>\n\t\t\t\t\t<\/div>\n\t\t<\/section>\n\t\t\t\t<section class=\"elementor-section elementor-top-section elementor-element elementor-element-6fbfc37 elementor-section-boxed elementor-section-height-default elementor-section-height-default\" data-id=\"6fbfc37\" data-element_type=\"section\" data-e-type=\"section\">\n\t\t\t\t\t\t<div class=\"elementor-container elementor-column-gap-no\">\n\t\t\t\t\t<div class=\"elementor-column elementor-col-100 elementor-top-column elementor-element elementor-element-d7c9fe9\" data-id=\"d7c9fe9\" data-element_type=\"column\" data-e-type=\"column\">\n\t\t\t<div class=\"elementor-widget-wrap elementor-element-populated\">\n\t\t\t\t\t\t<div class=\"elementor-element elementor-element-c20910f elementor-widget elementor-widget-pt_title\" data-id=\"c20910f\" data-element_type=\"widget\" data-e-type=\"widget\" data-widget_type=\"pt_title.default\">\n\t\t\t\t<div class=\"elementor-widget-container\">\n\t\t\t\t\t\n        <div class=\"pt-title-wrap text-center\">\t            <h6 class=\"pt-title\">\n\t                le poisson \/ Poisson\t            <\/h6>\t            <div class=\"pt-title-text\">\n\t                Tous les plats de poisson sont accompagn\u00e9s d'une des garnitures suivantes au choix<br>\nPour Toutes Les Poisson L'un De Plats D'accompagnement Suvants Est Inclus<br>\n\nFrites, Risotto, P\u00e2tes\t            <\/div>        <\/div>\t\t\t\t<\/div>\n\t\t\t\t<\/div>\n\t\t\t\t<div class=\"elementor-element elementor-element-b725a94 elementor-widget elementor-widget-pt_food_menu\" data-id=\"b725a94\" data-element_type=\"widget\" data-e-type=\"widget\" data-widget_type=\"pt_food_menu.default\">\n\t\t\t\t<div class=\"elementor-widget-container\">\n\t\t\t\t\t            <div class=\"pt-food-menu food-menu-style-4\">                <div class=\"pt-food-menu-item\">                    <div class=\"pt-food-menu-main\">\n                        <div class=\"pt-food-menu-header\">                            <h6 class=\"pt-food-menu-title\">                                <span class=\"title-wrap\">Trancio di tonno rosa alla griglia<\/span>                            <\/h6>\n                            <div class=\"pt-food-menu-lines\"><\/div><span class=\"pt-food-menu-price\">CHF 41.80<\/span>                        <\/div>                    <\/div>\n                <\/div>                <div class=\"pt-food-menu-item\">                    <div class=\"pt-food-menu-main\">\n                        <div class=\"pt-food-menu-header\">                            <h6 class=\"pt-food-menu-title\">                                <span class=\"title-wrap\">Filetto Di Salmone<\/span>                            <\/h6>\n                            <div class=\"pt-food-menu-lines\"><\/div><span class=\"pt-food-menu-price\">CHF 38.80<\/span>                        <\/div>                    <\/div>\n                <\/div>            <\/div>\t\t\t\t<\/div>\n\t\t\t\t<\/div>\n\t\t\t\t\t<\/div>\n\t\t<\/div>\n\t\t\t\t\t<\/div>\n\t\t<\/section>\n\t\t\t\t<section class=\"elementor-section elementor-top-section elementor-element elementor-element-3114086 pt-section-content-fullwidth pt_scroll_y_120 pt-parallax-on-scroll elementor-section-boxed elementor-section-height-default elementor-section-height-default\" data-id=\"3114086\" data-element_type=\"section\" data-e-type=\"section\" data-settings=\"{&quot;background_background&quot;:&quot;classic&quot;}\" data-pt-parallax-y=\"120\" style=\"background-image: none;\" data-pt-background-image=\"https:\/\/restaurant-lafontana.ch\/wp-content\/uploads\/2022\/04\/DSC08929.jpg\">\n\t\t\t\t\t\t\t<div class=\"elementor-background-overlay\"><\/div>\n\t\t\t\t\t\t\t<div class=\"elementor-container elementor-column-gap-no\">\n\t\t\t\t\t<div class=\"elementor-column elementor-col-100 elementor-top-column elementor-element elementor-element-d37b498 dark-color\" data-id=\"d37b498\" data-element_type=\"column\" data-e-type=\"column\">\n\t\t\t<div class=\"elementor-widget-wrap elementor-element-populated\">\n\t\t\t\t\t\t<div class=\"elementor-element elementor-element-84e6a6c elementor-widget elementor-widget-pt_title\" data-id=\"84e6a6c\" data-element_type=\"widget\" data-e-type=\"widget\" data-widget_type=\"pt_title.default\">\n\t\t\t\t<div class=\"elementor-widget-container\">\n\t\t\t\t\t\n        <div class=\"pt-title-wrap text-center\">\t            <div class=\"pt-subtitle-wrap\"><span class=\"pt-subtitle style-bordered\">R\u00e9servation en ligne<\/span><\/div>\t            <h4 class=\"pt-title\">\n\t                R\u00e9server une table\t            <\/h4>        <\/div>\t\t\t\t<\/div>\n\t\t\t\t<\/div>\n\t\t\t\t<div class=\"elementor-element elementor-element-2e1b56f elementor-widget elementor-widget-pt_title\" data-id=\"2e1b56f\" data-element_type=\"widget\" data-e-type=\"widget\" data-widget_type=\"pt_title.default\">\n\t\t\t\t<div class=\"elementor-widget-container\">\n\t\t\t\t\t\n        <div class=\"pt-title-wrap text-center\">                <div class=\"pt-title-btn\">\n                    <a class=\"button elementor-button-link\" role=\"button\" href=\"https:\/\/restaurant-lafontana.ch\/fr\/reservation\/\">\n                        <span class=\"pt-btn-text\">R\u00e9server maintenant<\/span>\n                    <\/a>\n                <\/div>\n                    <\/div>\t\t\t\t<\/div>\n\t\t\t\t<\/div>\n\t\t\t\t\t<\/div>\n\t\t<\/div>\n\t\t\t\t\t<\/div>\n\t\t<\/section>\n\t\t\t\t<\/div>","protected":false},"excerpt":{"rendered":"<p>Speisekarten Fleisch &amp; Fisch Gerichte Fleisch \/ Viande Bei Allen Fleisch Ist Eine Der Folgenden Beilagen Nech Wahl Inbegriffen Pour Toutes Les Viandes L\u2019un De Plats D\u2019accompagnement Suvants Est Inclus Pommes Frites, Risotto, P\u00e2tes Entrec\u00f4te Nature CHF 38.80 Entrec\u00f4te Cafe De Paris CHF 39.80 Filet De Boeuf Nature CHF 44.80 Filet De Boeuf Morilles CHF &#8230;<\/p>","protected":false},"author":1,"featured_media":0,"parent":0,"menu_order":0,"comment_status":"closed","ping_status":"closed","template":"template-wide-content.php","meta":{"patiotime_single_page_hide_site_header":"","patiotime_single_page_site_header_source":"","patiotime_single_page_custom_site_header":"0","patiotime_single_page_custom_sticky_site_header":"0","patiotime_single_page_custom_page_title_margin_top_source":"","patiotime_single_page_custom_page_title_desktop_margin_top":"","patiotime_single_page_custom_page_title_tablet_margin_top":"","patiotime_single_page_custom_page_title_mobile_margin_top":"","patiotime_single_page_hide_page_title":"on","patiotime_single_page_header_section_size":"","patiotime_single_page_header_background_color":"","patiotime_single_page_header_background_position_x":"center","patiotime_single_page_header_background_position_y":"center","patiotime_single_page_header_background_size":"cover","patiotime_single_page_header_background_repeat":"off","patiotime_single_page_header_background_scroll":"on","patiotime_single_page_header_text_color":"","patiotime_single_page_header_show_breadcrumb":"","patiotime_single_page_site_footer_hide_main":"","patiotime_single_custom_site_footer_main_source":"","patiotime_single_custom_site_footer_main":"0","patiotime_single_page_site_footer_hide_above":"","patiotime_single_custom_site_footer_above_source":"","patiotime_single_custom_site_footer_above":"0","patiotime_single_page_site_footer_hide_instagram":"","patiotime_single_page_site_footer_hide_bottom":"","patiotime_single_custom_mobile_menu_source":"","patiotime_single_custom_mobile_menu":"0","patiotime_single_custom_mobile_menu_animation":"","patiotime_single_custom_mobile_menu_width":"","patiotime_single_custom_mobile_menu_custom_width":375,"footnotes":""},"class_list":["post-7248","page","type-page","status-publish","hentry"],"yoast_head":"<!-- This site is optimized with the Yoast SEO plugin v27.4 - https:\/\/yoast.com\/product\/yoast-seo-wordpress\/ -->\n<title>Fleisch &amp; Fisch Gerichte - Restaurant La Fontana<\/title>\n<meta name=\"description\" content=\"Im Restaurant La Fontana sind unsere Fleischgerichte ein Fest der Saftigkeit und des Geschmacks. Vom perfekt gegrillten Steak bis zum...\" \/>\n<meta name=\"robots\" content=\"index, follow, max-snippet:-1, max-image-preview:large, max-video-preview:-1\" \/>\n<link rel=\"canonical\" href=\"https:\/\/restaurant-lafontana.ch\/fr\/viandes-et-poissons-peches\/\" \/>\n<meta property=\"og:locale\" content=\"fr_FR\" \/>\n<meta property=\"og:type\" content=\"article\" \/>\n<meta property=\"og:title\" content=\"Fleisch &amp; Fisch Gerichte - Restaurant La Fontana\" \/>\n<meta property=\"og:description\" content=\"Im Restaurant La Fontana sind unsere Fleischgerichte ein Fest der Saftigkeit und des Geschmacks. Vom perfekt gegrillten Steak bis zum...\" \/>\n<meta property=\"og:url\" content=\"https:\/\/restaurant-lafontana.ch\/fr\/viandes-et-poissons-peches\/\" \/>\n<meta property=\"og:site_name\" content=\"Restaurant La Fontana\" \/>\n<meta property=\"article:publisher\" content=\"https:\/\/www.facebook.com\/fontana.murten\/\" \/>\n<meta property=\"article:modified_time\" content=\"2024-02-15T07:47:04+00:00\" \/>\n<meta name=\"twitter:card\" content=\"summary_large_image\" \/>\n<meta name=\"twitter:label1\" content=\"Dur\u00e9e de lecture estim\u00e9e\" \/>\n\t<meta name=\"twitter:data1\" content=\"1 minute\" \/>\n<script type=\"application\/ld+json\" class=\"yoast-schema-graph\">{\"@context\":\"https:\\\/\\\/schema.org\",\"@graph\":[{\"@type\":\"WebPage\",\"@id\":\"https:\\\/\\\/restaurant-lafontana.ch\\\/fleisch-und-fisch-gerischte\\\/\",\"url\":\"https:\\\/\\\/restaurant-lafontana.ch\\\/fleisch-und-fisch-gerischte\\\/\",\"name\":\"Fleisch & Fisch Gerichte - Restaurant La Fontana\",\"isPartOf\":{\"@id\":\"https:\\\/\\\/restaurant-lafontana.ch\\\/#website\"},\"datePublished\":\"2022-04-26T16:28:19+00:00\",\"dateModified\":\"2024-02-15T07:47:04+00:00\",\"description\":\"Im Restaurant La Fontana sind unsere Fleischgerichte ein Fest der Saftigkeit und des Geschmacks. Vom perfekt gegrillten Steak bis zum...\",\"breadcrumb\":{\"@id\":\"https:\\\/\\\/restaurant-lafontana.ch\\\/fleisch-und-fisch-gerischte\\\/#breadcrumb\"},\"inLanguage\":\"fr-FR\",\"potentialAction\":[{\"@type\":\"ReadAction\",\"target\":[\"https:\\\/\\\/restaurant-lafontana.ch\\\/fleisch-und-fisch-gerischte\\\/\"]}]},{\"@type\":\"BreadcrumbList\",\"@id\":\"https:\\\/\\\/restaurant-lafontana.ch\\\/fleisch-und-fisch-gerischte\\\/#breadcrumb\",\"itemListElement\":[{\"@type\":\"ListItem\",\"position\":1,\"name\":\"Home\",\"item\":\"https:\\\/\\\/restaurant-lafontana.ch\\\/\"},{\"@type\":\"ListItem\",\"position\":2,\"name\":\"Fleisch &#038; Fisch Gerichte\"}]},{\"@type\":\"WebSite\",\"@id\":\"https:\\\/\\\/restaurant-lafontana.ch\\\/#website\",\"url\":\"https:\\\/\\\/restaurant-lafontana.ch\\\/\",\"name\":\"Restaurant La Fontana\",\"description\":\"Restaurant Pizzeria La Fontana - Herzlich Willkommen\",\"publisher\":{\"@id\":\"https:\\\/\\\/restaurant-lafontana.ch\\\/#organization\"},\"potentialAction\":[{\"@type\":\"SearchAction\",\"target\":{\"@type\":\"EntryPoint\",\"urlTemplate\":\"https:\\\/\\\/restaurant-lafontana.ch\\\/?s={search_term_string}\"},\"query-input\":{\"@type\":\"PropertyValueSpecification\",\"valueRequired\":true,\"valueName\":\"search_term_string\"}}],\"inLanguage\":\"fr-FR\"},{\"@type\":\"Organization\",\"@id\":\"https:\\\/\\\/restaurant-lafontana.ch\\\/#organization\",\"name\":\"Restaurant Pizzeria La Fontana\",\"url\":\"https:\\\/\\\/restaurant-lafontana.ch\\\/\",\"logo\":{\"@type\":\"ImageObject\",\"inLanguage\":\"fr-FR\",\"@id\":\"https:\\\/\\\/restaurant-lafontana.ch\\\/#\\\/schema\\\/logo\\\/image\\\/\",\"url\":\"https:\\\/\\\/restaurant-lafontana.ch\\\/wp-content\\\/uploads\\\/2022\\\/04\\\/cropped-Logo-Restaurant-La-Fontana-1.jpg\",\"contentUrl\":\"https:\\\/\\\/restaurant-lafontana.ch\\\/wp-content\\\/uploads\\\/2022\\\/04\\\/cropped-Logo-Restaurant-La-Fontana-1.jpg\",\"width\":609,\"height\":371,\"caption\":\"Restaurant Pizzeria La Fontana\"},\"image\":{\"@id\":\"https:\\\/\\\/restaurant-lafontana.ch\\\/#\\\/schema\\\/logo\\\/image\\\/\"},\"sameAs\":[\"https:\\\/\\\/www.facebook.com\\\/fontana.murten\\\/\",\"https:\\\/\\\/www.instagram.com\\\/la_fontana_morat\\\/\"]}]}<\/script>\n<!-- \/ Yoast SEO plugin. -->","yoast_head_json":{"title":"Plats de viande et de poisson - Restaurant La Fontana","description":"Au restaurant La Fontana, nos plats de viande sont un r\u00e9gal de jutosit\u00e9 et de saveur. Du steak parfaitement grill\u00e9 \u00e0 la...","robots":{"index":"index","follow":"follow","max-snippet":"max-snippet:-1","max-image-preview":"max-image-preview:large","max-video-preview":"max-video-preview:-1"},"canonical":"https:\/\/restaurant-lafontana.ch\/fr\/viandes-et-poissons-peches\/","og_locale":"fr_FR","og_type":"article","og_title":"Fleisch & Fisch Gerichte - Restaurant La Fontana","og_description":"Im Restaurant La Fontana sind unsere Fleischgerichte ein Fest der Saftigkeit und des Geschmacks. Vom perfekt gegrillten Steak bis zum...","og_url":"https:\/\/restaurant-lafontana.ch\/fr\/viandes-et-poissons-peches\/","og_site_name":"Restaurant La Fontana","article_publisher":"https:\/\/www.facebook.com\/fontana.murten\/","article_modified_time":"2024-02-15T07:47:04+00:00","twitter_card":"summary_large_image","twitter_misc":{"Dur\u00e9e de lecture estim\u00e9e":"1 minute"},"schema":{"@context":"https:\/\/schema.org","@graph":[{"@type":"WebPage","@id":"https:\/\/restaurant-lafontana.ch\/fleisch-und-fisch-gerischte\/","url":"https:\/\/restaurant-lafontana.ch\/fleisch-und-fisch-gerischte\/","name":"Plats de viande et de poisson - Restaurant La Fontana","isPartOf":{"@id":"https:\/\/restaurant-lafontana.ch\/#website"},"datePublished":"2022-04-26T16:28:19+00:00","dateModified":"2024-02-15T07:47:04+00:00","description":"Au restaurant La Fontana, nos plats de viande sont un r\u00e9gal de jutosit\u00e9 et de saveur. Du steak parfaitement grill\u00e9 \u00e0 la...","breadcrumb":{"@id":"https:\/\/restaurant-lafontana.ch\/fleisch-und-fisch-gerischte\/#breadcrumb"},"inLanguage":"fr-FR","potentialAction":[{"@type":"ReadAction","target":["https:\/\/restaurant-lafontana.ch\/fleisch-und-fisch-gerischte\/"]}]},{"@type":"BreadcrumbList","@id":"https:\/\/restaurant-lafontana.ch\/fleisch-und-fisch-gerischte\/#breadcrumb","itemListElement":[{"@type":"ListItem","position":1,"name":"Home","item":"https:\/\/restaurant-lafontana.ch\/"},{"@type":"ListItem","position":2,"name":"Fleisch &#038; Fisch Gerichte"}]},{"@type":"WebSite","@id":"https:\/\/restaurant-lafontana.ch\/#website","url":"https:\/\/restaurant-lafontana.ch\/","name":"Restaurant La Fontana","description":"Restaurant Pizzeria La Fontana - Bienvenue","publisher":{"@id":"https:\/\/restaurant-lafontana.ch\/#organization"},"potentialAction":[{"@type":"SearchAction","target":{"@type":"EntryPoint","urlTemplate":"https:\/\/restaurant-lafontana.ch\/?s={search_term_string}"},"query-input":{"@type":"PropertyValueSpecification","valueRequired":true,"valueName":"search_term_string"}}],"inLanguage":"fr-FR"},{"@type":"Organization","@id":"https:\/\/restaurant-lafontana.ch\/#organization","name":"Restaurant Pizzeria La Fontana","url":"https:\/\/restaurant-lafontana.ch\/","logo":{"@type":"ImageObject","inLanguage":"fr-FR","@id":"https:\/\/restaurant-lafontana.ch\/#\/schema\/logo\/image\/","url":"https:\/\/restaurant-lafontana.ch\/wp-content\/uploads\/2022\/04\/cropped-Logo-Restaurant-La-Fontana-1.jpg","contentUrl":"https:\/\/restaurant-lafontana.ch\/wp-content\/uploads\/2022\/04\/cropped-Logo-Restaurant-La-Fontana-1.jpg","width":609,"height":371,"caption":"Restaurant Pizzeria La Fontana"},"image":{"@id":"https:\/\/restaurant-lafontana.ch\/#\/schema\/logo\/image\/"},"sameAs":["https:\/\/www.facebook.com\/fontana.murten\/","https:\/\/www.instagram.com\/la_fontana_morat\/"]}]}},"_links":{"self":[{"href":"https:\/\/restaurant-lafontana.ch\/fr\/wp-json\/wp\/v2\/pages\/7248","targetHints":{"allow":["GET"]}}],"collection":[{"href":"https:\/\/restaurant-lafontana.ch\/fr\/wp-json\/wp\/v2\/pages"}],"about":[{"href":"https:\/\/restaurant-lafontana.ch\/fr\/wp-json\/wp\/v2\/types\/page"}],"author":[{"embeddable":true,"href":"https:\/\/restaurant-lafontana.ch\/fr\/wp-json\/wp\/v2\/users\/1"}],"replies":[{"embeddable":true,"href":"https:\/\/restaurant-lafontana.ch\/fr\/wp-json\/wp\/v2\/comments?post=7248"}],"version-history":[{"count":29,"href":"https:\/\/restaurant-lafontana.ch\/fr\/wp-json\/wp\/v2\/pages\/7248\/revisions"}],"predecessor-version":[{"id":8090,"href":"https:\/\/restaurant-lafontana.ch\/fr\/wp-json\/wp\/v2\/pages\/7248\/revisions\/8090"}],"wp:attachment":[{"href":"https:\/\/restaurant-lafontana.ch\/fr\/wp-json\/wp\/v2\/media?parent=7248"}],"curies":[{"name":"wp","href":"https:\/\/api.w.org\/{rel}","templated":true}]}}