{"id":7232,"date":"2022-04-26T18:16:59","date_gmt":"2022-04-26T16:16:59","guid":{"rendered":"https:\/\/restaurant-lafontana.ch\/?page_id=7232"},"modified":"2024-02-15T08:53:10","modified_gmt":"2024-02-15T07:53:10","slug":"gluten-free-dishes-and-childrens-menu","status":"publish","type":"page","link":"https:\/\/restaurant-lafontana.ch\/en\/glutenfreie-gerichte-und-kindermenue\/","title":{"rendered":"Gluten-free dishes &amp; children's menu"},"content":{"rendered":"<div data-elementor-type=\"wp-page\" data-elementor-id=\"7232\" class=\"elementor elementor-7232\" data-elementor-post-type=\"page\">\n\t\t\t\t\t\t<section class=\"elementor-section elementor-top-section elementor-element elementor-element-3af62068 pt-section-content-fullwidth pt_scroll_y_120 pt-parallax-on-scroll elementor-section-boxed elementor-section-height-default elementor-section-height-default\" data-id=\"3af62068\" data-element_type=\"section\" data-e-type=\"section\" data-settings=\"{&quot;background_background&quot;:&quot;classic&quot;}\" data-pt-parallax-y=\"120\" style=\"background-image: none;\" data-pt-background-image=\"https:\/\/restaurant-lafontana.ch\/wp-content\/uploads\/2022\/04\/pasta-712664_1920.jpg\">\n\t\t\t\t\t\t\t<div class=\"elementor-background-overlay\"><\/div>\n\t\t\t\t\t\t\t<div class=\"elementor-container elementor-column-gap-no\">\n\t\t\t\t\t<div class=\"elementor-column elementor-col-100 elementor-top-column elementor-element elementor-element-52c41b2c dark-color\" data-id=\"52c41b2c\" data-element_type=\"column\" data-e-type=\"column\">\n\t\t\t<div class=\"elementor-widget-wrap elementor-element-populated\">\n\t\t\t\t\t\t<div class=\"elementor-element elementor-element-14e60969 elementor-widget elementor-widget-pt_title\" data-id=\"14e60969\" data-element_type=\"widget\" data-e-type=\"widget\" data-widget_type=\"pt_title.default\">\n\t\t\t\t<div class=\"elementor-widget-container\">\n\t\t\t\t\t\n        <div class=\"pt-title-wrap text-center\">\t            <div class=\"pt-subtitle-wrap\"><span class=\"pt-subtitle color-white style-bordered\">Menus<\/span><\/div>\t            <h1 class=\"pt-title\">\n\t                Gluten-free dishes &amp; children's menus\t            <\/h1>        <\/div>\t\t\t\t<\/div>\n\t\t\t\t<\/div>\n\t\t\t\t\t<\/div>\n\t\t<\/div>\n\t\t\t\t\t<\/div>\n\t\t<\/section>\n\t\t\t\t<section class=\"elementor-section elementor-top-section elementor-element elementor-element-2941b788 elementor-section-boxed elementor-section-height-default elementor-section-height-default\" data-id=\"2941b788\" data-element_type=\"section\" data-e-type=\"section\">\n\t\t\t\t\t\t<div class=\"elementor-container elementor-column-gap-no\">\n\t\t\t\t\t<div class=\"elementor-column elementor-col-100 elementor-top-column elementor-element elementor-element-4cbd9d9c\" data-id=\"4cbd9d9c\" data-element_type=\"column\" data-e-type=\"column\">\n\t\t\t<div class=\"elementor-widget-wrap elementor-element-populated\">\n\t\t\t\t\t\t<div class=\"elementor-element elementor-element-3d689842 elementor-widget elementor-widget-pt_title\" data-id=\"3d689842\" data-element_type=\"widget\" data-e-type=\"widget\" data-widget_type=\"pt_title.default\">\n\t\t\t\t<div class=\"elementor-widget-container\">\n\t\t\t\t\t\n        <div class=\"pt-title-wrap text-center\">\t            <h6 class=\"pt-title\">\n\t                Gluten-free \/ Sans Gluten\t            <\/h6>        <\/div>\t\t\t\t<\/div>\n\t\t\t\t<\/div>\n\t\t\t\t<div class=\"elementor-element elementor-element-7c29bc7 elementor-widget elementor-widget-pt_food_menu\" data-id=\"7c29bc7\" data-element_type=\"widget\" data-e-type=\"widget\" data-widget_type=\"pt_food_menu.default\">\n\t\t\t\t<div class=\"elementor-widget-container\">\n\t\t\t\t\t            <div class=\"pt-food-menu food-menu-style-4\">                <div class=\"pt-food-menu-item\">                    <div class=\"pt-food-menu-main\">\n                        <div class=\"pt-food-menu-header\">                            <h6 class=\"pt-food-menu-title\">                                <span class=\"title-wrap\">Penne Sauce Nach Ihrer Wahl \/ Sauce A Votre Choix<\/span>                            <\/h6>\n                            <div class=\"pt-food-menu-lines\"><\/div>                        <\/div>                    <\/div>\n                <\/div>                <div class=\"pt-food-menu-item\">                    <div class=\"pt-food-menu-main\">\n                        <div class=\"pt-food-menu-header\">                            <h6 class=\"pt-food-menu-title\">                                <span class=\"title-wrap\">Ravioli Ricota Epinard<\/span>                            <\/h6>\n                            <div class=\"pt-food-menu-lines\"><\/div><span class=\"pt-food-menu-price\">CHF 26.80<\/span>                        <\/div>                            <p class=\"pt-food-menu-details\">Cherry tomatoes, onions, garlic, basil olive oil<br>\nTomates Cherry, Oignons, Ail, Huile d'olive, Basilic<\/p>                    <\/div>\n                <\/div>            <\/div>\t\t\t\t<\/div>\n\t\t\t\t<\/div>\n\t\t\t\t\t<\/div>\n\t\t<\/div>\n\t\t\t\t\t<\/div>\n\t\t<\/section>\n\t\t\t\t<section class=\"elementor-section elementor-top-section elementor-element elementor-element-5836fa6 elementor-section-boxed elementor-section-height-default elementor-section-height-default\" data-id=\"5836fa6\" data-element_type=\"section\" data-e-type=\"section\">\n\t\t\t\t\t\t<div class=\"elementor-container elementor-column-gap-no\">\n\t\t\t\t\t<div class=\"elementor-column elementor-col-100 elementor-top-column elementor-element elementor-element-0a8965b\" data-id=\"0a8965b\" data-element_type=\"column\" data-e-type=\"column\">\n\t\t\t<div class=\"elementor-widget-wrap elementor-element-populated\">\n\t\t\t\t\t\t<div class=\"elementor-element elementor-element-a433d1e elementor-widget elementor-widget-pt_title\" data-id=\"a433d1e\" data-element_type=\"widget\" data-e-type=\"widget\" data-widget_type=\"pt_title.default\">\n\t\t\t\t<div class=\"elementor-widget-container\">\n\t\t\t\t\t\n        <div class=\"pt-title-wrap text-center\">\t            <h6 class=\"pt-title\">\n\t                Children's menu \/ Menu Enfants\t            <\/h6>        <\/div>\t\t\t\t<\/div>\n\t\t\t\t<\/div>\n\t\t\t\t<div class=\"elementor-element elementor-element-96db1e7 elementor-widget elementor-widget-pt_food_menu\" data-id=\"96db1e7\" data-element_type=\"widget\" data-e-type=\"widget\" data-widget_type=\"pt_food_menu.default\">\n\t\t\t\t<div class=\"elementor-widget-container\">\n\t\t\t\t\t            <div class=\"pt-food-menu food-menu-style-4\">                <div class=\"pt-food-menu-item\">                    <div class=\"pt-food-menu-main\">\n                        <div class=\"pt-food-menu-header\">                            <h6 class=\"pt-food-menu-title\">                                <span class=\"title-wrap\">Pasta Napoli<\/span>                            <\/h6>\n                            <div class=\"pt-food-menu-lines\"><\/div><span class=\"pt-food-menu-price\">CHF 15.80<\/span>                        <\/div>                            <p class=\"pt-food-menu-details\">Pasta, tomato sauce, olive oil<br>\nP\u00e2tes, tomato sauce, huile d'olive<\/p>                    <\/div>\n                <\/div>                <div class=\"pt-food-menu-item\">                    <div class=\"pt-food-menu-main\">\n                        <div class=\"pt-food-menu-header\">                            <h6 class=\"pt-food-menu-title\">                                <span class=\"title-wrap\">Pizza Donald Duck<\/span>                            <\/h6>\n                            <div class=\"pt-food-menu-lines\"><\/div><span class=\"pt-food-menu-price\">CHF 15.80<\/span>                        <\/div>                            <p class=\"pt-food-menu-details\">Tomato sauce, mozzarella, ham<br>\nTomato sauce, mozzarella, jambon<\/p>                    <\/div>\n                <\/div>                <div class=\"pt-food-menu-item\">                    <div class=\"pt-food-menu-main\">\n                        <div class=\"pt-food-menu-header\">                            <h6 class=\"pt-food-menu-title\">                                <span class=\"title-wrap\">Pizza Naruto<\/span>                            <\/h6>\n                            <div class=\"pt-food-menu-lines\"><\/div><span class=\"pt-food-menu-price\">CHF 15.80<\/span>                        <\/div>                            <p class=\"pt-food-menu-details\">Tomato sauce, mozzarella, merguez<br>\nTomato sauce, mozzarella, merguez<\/p>                    <\/div>\n                <\/div>                <div class=\"pt-food-menu-item\">                    <div class=\"pt-food-menu-main\">\n                        <div class=\"pt-food-menu-header\">                            <h6 class=\"pt-food-menu-title\">                                <span class=\"title-wrap\">Pizza Hello Kitty<\/span>                            <\/h6>\n                            <div class=\"pt-food-menu-lines\"><\/div><span class=\"pt-food-menu-price\">CHF 15.80<\/span>                        <\/div>                            <p class=\"pt-food-menu-details\">Tomato sauce, mozzarella, French fries<br>\nTomato sauce, mozzarella, French fries<\/p>                    <\/div>\n                <\/div>                <div class=\"pt-food-menu-item\">                    <div class=\"pt-food-menu-main\">\n                        <div class=\"pt-food-menu-header\">                            <h6 class=\"pt-food-menu-title\">                                <span class=\"title-wrap\">Chicken nuggets<\/span>                            <\/h6>\n                            <div class=\"pt-food-menu-lines\"><\/div><span class=\"pt-food-menu-price\">CHF 15.80<\/span>                        <\/div>                            <p class=\"pt-food-menu-details\">With French fries<br>\nAvec French fries<\/p>                    <\/div>\n                <\/div>            <\/div>\t\t\t\t<\/div>\n\t\t\t\t<\/div>\n\t\t\t\t\t<\/div>\n\t\t<\/div>\n\t\t\t\t\t<\/div>\n\t\t<\/section>\n\t\t\t\t<section class=\"elementor-section elementor-top-section elementor-element elementor-element-7277308 pt-section-content-fullwidth pt_scroll_y_120 pt-parallax-on-scroll elementor-section-boxed elementor-section-height-default elementor-section-height-default\" data-id=\"7277308\" data-element_type=\"section\" data-e-type=\"section\" data-settings=\"{&quot;background_background&quot;:&quot;classic&quot;}\" data-pt-parallax-y=\"120\" style=\"background-image: none;\" data-pt-background-image=\"https:\/\/restaurant-lafontana.ch\/wp-content\/uploads\/2022\/04\/DSC08929.jpg\">\n\t\t\t\t\t\t\t<div class=\"elementor-background-overlay\"><\/div>\n\t\t\t\t\t\t\t<div class=\"elementor-container elementor-column-gap-no\">\n\t\t\t\t\t<div class=\"elementor-column elementor-col-100 elementor-top-column elementor-element elementor-element-3510fa8 dark-color\" data-id=\"3510fa8\" data-element_type=\"column\" data-e-type=\"column\">\n\t\t\t<div class=\"elementor-widget-wrap elementor-element-populated\">\n\t\t\t\t\t\t<div class=\"elementor-element elementor-element-3a3546f elementor-widget elementor-widget-pt_title\" data-id=\"3a3546f\" data-element_type=\"widget\" data-e-type=\"widget\" data-widget_type=\"pt_title.default\">\n\t\t\t\t<div class=\"elementor-widget-container\">\n\t\t\t\t\t\n        <div class=\"pt-title-wrap text-center\">\t            <div class=\"pt-subtitle-wrap\"><span class=\"pt-subtitle style-bordered\">Online Reservation<\/span><\/div>\t            <h4 class=\"pt-title\">\n\t                Book a table\t            <\/h4>        <\/div>\t\t\t\t<\/div>\n\t\t\t\t<\/div>\n\t\t\t\t<div class=\"elementor-element elementor-element-d0be0db elementor-widget elementor-widget-pt_title\" data-id=\"d0be0db\" data-element_type=\"widget\" data-e-type=\"widget\" data-widget_type=\"pt_title.default\">\n\t\t\t\t<div class=\"elementor-widget-container\">\n\t\t\t\t\t\n        <div class=\"pt-title-wrap text-center\">                <div class=\"pt-title-btn\">\n                    <a class=\"button elementor-button-link\" role=\"button\" href=\"https:\/\/restaurant-lafontana.ch\/en\/reservation\/\">\n                        <span class=\"pt-btn-text\">Book now<\/span>\n                    <\/a>\n                <\/div>\n                    <\/div>\t\t\t\t<\/div>\n\t\t\t\t<\/div>\n\t\t\t\t\t<\/div>\n\t\t<\/div>\n\t\t\t\t\t<\/div>\n\t\t<\/section>\n\t\t\t\t<\/div>","protected":false},"excerpt":{"rendered":"<p>Menus Glutenfreie gerichte &amp; Kindermen\u00fcs Glutenfrei \/ Sans Gluten Penne Sauce Nach Ihrer Wahl \/ Sauce A Votre Choix Ravioli Ricota Epinard CHF 26.80 Cherry tomatoes, onions, garlic, olive oil basil Tomates Cherry, Oignons, Ail, Huile d'olive, Basilic Kindermenu \/ Menu Enfants Pasta Napoli CHF 15.80 Pasta, tomato sauce, olive oil P\u00e2tes, Sauce Tomate, Huile D'olive Pizza Donald Duck ...<\/p>","protected":false},"author":1,"featured_media":0,"parent":0,"menu_order":0,"comment_status":"closed","ping_status":"closed","template":"template-wide-content.php","meta":{"patiotime_single_page_hide_site_header":"","patiotime_single_page_site_header_source":"","patiotime_single_page_custom_site_header":"0","patiotime_single_page_custom_sticky_site_header":"0","patiotime_single_page_custom_page_title_margin_top_source":"","patiotime_single_page_custom_page_title_desktop_margin_top":"","patiotime_single_page_custom_page_title_tablet_margin_top":"","patiotime_single_page_custom_page_title_mobile_margin_top":"","patiotime_single_page_hide_page_title":"on","patiotime_single_page_header_section_size":"","patiotime_single_page_header_background_color":"","patiotime_single_page_header_background_position_x":"center","patiotime_single_page_header_background_position_y":"center","patiotime_single_page_header_background_size":"cover","patiotime_single_page_header_background_repeat":"off","patiotime_single_page_header_background_scroll":"on","patiotime_single_page_header_text_color":"","patiotime_single_page_header_show_breadcrumb":"","patiotime_single_page_site_footer_hide_main":"","patiotime_single_custom_site_footer_main_source":"","patiotime_single_custom_site_footer_main":"0","patiotime_single_page_site_footer_hide_above":"","patiotime_single_custom_site_footer_above_source":"","patiotime_single_custom_site_footer_above":"0","patiotime_single_page_site_footer_hide_instagram":"","patiotime_single_page_site_footer_hide_bottom":"","patiotime_single_custom_mobile_menu_source":"","patiotime_single_custom_mobile_menu":"0","patiotime_single_custom_mobile_menu_animation":"","patiotime_single_custom_mobile_menu_width":"","patiotime_single_custom_mobile_menu_custom_width":375,"footnotes":""},"class_list":["post-7232","page","type-page","status-publish","hentry"],"yoast_head":"<!-- This site is optimized with the Yoast SEO plugin v27.4 - https:\/\/yoast.com\/product\/yoast-seo-wordpress\/ -->\n<title>Glutenfreie Gerichte &amp; Kindermen\u00fc - Restaurant La Fontana<\/title>\n<meta name=\"description\" content=\"Tauchen Sie ein in die Welt der kulinarischen Inklusion im Restaurant La Fontana, wo unser Engagement f\u00fcr unterschiedliche Gaumen mit unseren Gluten-free Gerichte und sorgf\u00e4ltig kuratierten Kindermen\u00fc durchscheint.\" \/>\n<meta name=\"robots\" content=\"index, follow, max-snippet:-1, max-image-preview:large, max-video-preview:-1\" \/>\n<link rel=\"canonical\" href=\"https:\/\/restaurant-lafontana.ch\/en\/gluten-free-dishes-and-childrens-menu\/\" \/>\n<meta property=\"og:locale\" content=\"en_US\" \/>\n<meta property=\"og:type\" content=\"article\" \/>\n<meta property=\"og:title\" content=\"Glutenfreie Gerichte &amp; Kindermen\u00fc - Restaurant La Fontana\" \/>\n<meta property=\"og:description\" content=\"Tauchen Sie ein in die Welt der kulinarischen Inklusion im Restaurant La Fontana, wo unser Engagement f\u00fcr unterschiedliche Gaumen mit unseren Gluten-free Gerichte und sorgf\u00e4ltig kuratierten Kindermen\u00fc durchscheint.\" \/>\n<meta property=\"og:url\" content=\"https:\/\/restaurant-lafontana.ch\/en\/gluten-free-dishes-and-childrens-menu\/\" \/>\n<meta property=\"og:site_name\" content=\"Restaurant La Fontana\" \/>\n<meta property=\"article:publisher\" content=\"https:\/\/www.facebook.com\/fontana.murten\/\" \/>\n<meta property=\"article:modified_time\" content=\"2024-02-15T07:53:10+00:00\" \/>\n<meta name=\"twitter:card\" content=\"summary_large_image\" \/>\n<meta name=\"twitter:label1\" content=\"Est. reading time\" \/>\n\t<meta name=\"twitter:data1\" content=\"1 minute\" \/>\n<script type=\"application\/ld+json\" class=\"yoast-schema-graph\">{\"@context\":\"https:\\\/\\\/schema.org\",\"@graph\":[{\"@type\":\"WebPage\",\"@id\":\"https:\\\/\\\/restaurant-lafontana.ch\\\/glutenfreie-gerichte-und-kindermenue\\\/\",\"url\":\"https:\\\/\\\/restaurant-lafontana.ch\\\/glutenfreie-gerichte-und-kindermenue\\\/\",\"name\":\"Glutenfreie Gerichte & Kindermen\u00fc - Restaurant La Fontana\",\"isPartOf\":{\"@id\":\"https:\\\/\\\/restaurant-lafontana.ch\\\/#website\"},\"datePublished\":\"2022-04-26T16:16:59+00:00\",\"dateModified\":\"2024-02-15T07:53:10+00:00\",\"description\":\"Tauchen Sie ein in die Welt der kulinarischen Inklusion im Restaurant La Fontana, wo unser Engagement f\u00fcr unterschiedliche Gaumen mit unseren Gluten-free Gerichte und sorgf\u00e4ltig kuratierten Kindermen\u00fc durchscheint.\",\"breadcrumb\":{\"@id\":\"https:\\\/\\\/restaurant-lafontana.ch\\\/glutenfreie-gerichte-und-kindermenue\\\/#breadcrumb\"},\"inLanguage\":\"en-US\",\"potentialAction\":[{\"@type\":\"ReadAction\",\"target\":[\"https:\\\/\\\/restaurant-lafontana.ch\\\/glutenfreie-gerichte-und-kindermenue\\\/\"]}]},{\"@type\":\"BreadcrumbList\",\"@id\":\"https:\\\/\\\/restaurant-lafontana.ch\\\/glutenfreie-gerichte-und-kindermenue\\\/#breadcrumb\",\"itemListElement\":[{\"@type\":\"ListItem\",\"position\":1,\"name\":\"Home\",\"item\":\"https:\\\/\\\/restaurant-lafontana.ch\\\/\"},{\"@type\":\"ListItem\",\"position\":2,\"name\":\"Glutenfreie Gerichte &#038; Kindermen\u00fc\"}]},{\"@type\":\"WebSite\",\"@id\":\"https:\\\/\\\/restaurant-lafontana.ch\\\/#website\",\"url\":\"https:\\\/\\\/restaurant-lafontana.ch\\\/\",\"name\":\"Restaurant La Fontana\",\"description\":\"Restaurant Pizzeria La Fontana - Herzlich Willkommen\",\"publisher\":{\"@id\":\"https:\\\/\\\/restaurant-lafontana.ch\\\/#organization\"},\"potentialAction\":[{\"@type\":\"SearchAction\",\"target\":{\"@type\":\"EntryPoint\",\"urlTemplate\":\"https:\\\/\\\/restaurant-lafontana.ch\\\/?s={search_term_string}\"},\"query-input\":{\"@type\":\"PropertyValueSpecification\",\"valueRequired\":true,\"valueName\":\"search_term_string\"}}],\"inLanguage\":\"en-US\"},{\"@type\":\"Organization\",\"@id\":\"https:\\\/\\\/restaurant-lafontana.ch\\\/#organization\",\"name\":\"Restaurant Pizzeria La Fontana\",\"url\":\"https:\\\/\\\/restaurant-lafontana.ch\\\/\",\"logo\":{\"@type\":\"ImageObject\",\"inLanguage\":\"en-US\",\"@id\":\"https:\\\/\\\/restaurant-lafontana.ch\\\/#\\\/schema\\\/logo\\\/image\\\/\",\"url\":\"https:\\\/\\\/restaurant-lafontana.ch\\\/wp-content\\\/uploads\\\/2022\\\/04\\\/cropped-Logo-Restaurant-La-Fontana-1.jpg\",\"contentUrl\":\"https:\\\/\\\/restaurant-lafontana.ch\\\/wp-content\\\/uploads\\\/2022\\\/04\\\/cropped-Logo-Restaurant-La-Fontana-1.jpg\",\"width\":609,\"height\":371,\"caption\":\"Restaurant Pizzeria La Fontana\"},\"image\":{\"@id\":\"https:\\\/\\\/restaurant-lafontana.ch\\\/#\\\/schema\\\/logo\\\/image\\\/\"},\"sameAs\":[\"https:\\\/\\\/www.facebook.com\\\/fontana.murten\\\/\",\"https:\\\/\\\/www.instagram.com\\\/la_fontana_morat\\\/\"]}]}<\/script>\n<!-- \/ Yoast SEO plugin. -->","yoast_head_json":{"title":"Gluten-free dishes &amp; children's menu - Restaurant La Fontana","description":"Immerse yourself in the world of culinary inclusion at La Fontana Restaurant, where our commitment to diverse palates shines through with our gluten-free dishes and carefully curated children's menu.","robots":{"index":"index","follow":"follow","max-snippet":"max-snippet:-1","max-image-preview":"max-image-preview:large","max-video-preview":"max-video-preview:-1"},"canonical":"https:\/\/restaurant-lafontana.ch\/en\/gluten-free-dishes-and-childrens-menu\/","og_locale":"en_US","og_type":"article","og_title":"Glutenfreie Gerichte & Kindermen\u00fc - Restaurant La Fontana","og_description":"Tauchen Sie ein in die Welt der kulinarischen Inklusion im Restaurant La Fontana, wo unser Engagement f\u00fcr unterschiedliche Gaumen mit unseren Gluten-free Gerichte und sorgf\u00e4ltig kuratierten Kindermen\u00fc durchscheint.","og_url":"https:\/\/restaurant-lafontana.ch\/en\/gluten-free-dishes-and-childrens-menu\/","og_site_name":"Restaurant La Fontana","article_publisher":"https:\/\/www.facebook.com\/fontana.murten\/","article_modified_time":"2024-02-15T07:53:10+00:00","twitter_card":"summary_large_image","twitter_misc":{"Est. reading time":"1 minute"},"schema":{"@context":"https:\/\/schema.org","@graph":[{"@type":"WebPage","@id":"https:\/\/restaurant-lafontana.ch\/glutenfreie-gerichte-und-kindermenue\/","url":"https:\/\/restaurant-lafontana.ch\/glutenfreie-gerichte-und-kindermenue\/","name":"Gluten-free dishes &amp; children's menu - Restaurant La Fontana","isPartOf":{"@id":"https:\/\/restaurant-lafontana.ch\/#website"},"datePublished":"2022-04-26T16:16:59+00:00","dateModified":"2024-02-15T07:53:10+00:00","description":"Immerse yourself in the world of culinary inclusion at La Fontana Restaurant, where our commitment to diverse palates shines through with our gluten-free dishes and carefully curated children's menu.","breadcrumb":{"@id":"https:\/\/restaurant-lafontana.ch\/glutenfreie-gerichte-und-kindermenue\/#breadcrumb"},"inLanguage":"en-US","potentialAction":[{"@type":"ReadAction","target":["https:\/\/restaurant-lafontana.ch\/glutenfreie-gerichte-und-kindermenue\/"]}]},{"@type":"BreadcrumbList","@id":"https:\/\/restaurant-lafontana.ch\/glutenfreie-gerichte-und-kindermenue\/#breadcrumb","itemListElement":[{"@type":"ListItem","position":1,"name":"Home","item":"https:\/\/restaurant-lafontana.ch\/"},{"@type":"ListItem","position":2,"name":"Glutenfreie Gerichte &#038; Kindermen\u00fc"}]},{"@type":"WebSite","@id":"https:\/\/restaurant-lafontana.ch\/#website","url":"https:\/\/restaurant-lafontana.ch\/","name":"Restaurant La Fontana","description":"Restaurant Pizzeria La Fontana - Welcome","publisher":{"@id":"https:\/\/restaurant-lafontana.ch\/#organization"},"potentialAction":[{"@type":"SearchAction","target":{"@type":"EntryPoint","urlTemplate":"https:\/\/restaurant-lafontana.ch\/?s={search_term_string}"},"query-input":{"@type":"PropertyValueSpecification","valueRequired":true,"valueName":"search_term_string"}}],"inLanguage":"en-US"},{"@type":"Organization","@id":"https:\/\/restaurant-lafontana.ch\/#organization","name":"Restaurant Pizzeria La Fontana","url":"https:\/\/restaurant-lafontana.ch\/","logo":{"@type":"ImageObject","inLanguage":"en-US","@id":"https:\/\/restaurant-lafontana.ch\/#\/schema\/logo\/image\/","url":"https:\/\/restaurant-lafontana.ch\/wp-content\/uploads\/2022\/04\/cropped-Logo-Restaurant-La-Fontana-1.jpg","contentUrl":"https:\/\/restaurant-lafontana.ch\/wp-content\/uploads\/2022\/04\/cropped-Logo-Restaurant-La-Fontana-1.jpg","width":609,"height":371,"caption":"Restaurant Pizzeria La Fontana"},"image":{"@id":"https:\/\/restaurant-lafontana.ch\/#\/schema\/logo\/image\/"},"sameAs":["https:\/\/www.facebook.com\/fontana.murten\/","https:\/\/www.instagram.com\/la_fontana_morat\/"]}]}},"_links":{"self":[{"href":"https:\/\/restaurant-lafontana.ch\/en\/wp-json\/wp\/v2\/pages\/7232","targetHints":{"allow":["GET"]}}],"collection":[{"href":"https:\/\/restaurant-lafontana.ch\/en\/wp-json\/wp\/v2\/pages"}],"about":[{"href":"https:\/\/restaurant-lafontana.ch\/en\/wp-json\/wp\/v2\/types\/page"}],"author":[{"embeddable":true,"href":"https:\/\/restaurant-lafontana.ch\/en\/wp-json\/wp\/v2\/users\/1"}],"replies":[{"embeddable":true,"href":"https:\/\/restaurant-lafontana.ch\/en\/wp-json\/wp\/v2\/comments?post=7232"}],"version-history":[{"count":35,"href":"https:\/\/restaurant-lafontana.ch\/en\/wp-json\/wp\/v2\/pages\/7232\/revisions"}],"predecessor-version":[{"id":8132,"href":"https:\/\/restaurant-lafontana.ch\/en\/wp-json\/wp\/v2\/pages\/7232\/revisions\/8132"}],"wp:attachment":[{"href":"https:\/\/restaurant-lafontana.ch\/en\/wp-json\/wp\/v2\/media?parent=7232"}],"curies":[{"name":"wp","href":"https:\/\/api.w.org\/{rel}","templated":true}]}}